{"id":1564,"date":"2022-08-04T15:37:19","date_gmt":"2022-08-04T13:37:19","guid":{"rendered":"https:\/\/alpenhof-wolayersee.at\/siamo-noi\/"},"modified":"2024-10-22T13:49:24","modified_gmt":"2024-10-22T11:49:24","slug":"siamo-noi","status":"publish","type":"page","link":"https:\/\/alpenhof-wolayersee.at\/it\/siamo-noi\/","title":{"rendered":"Siamo noi!"},"content":{"rendered":"\t\t<div data-elementor-type=\"wp-page\" data-elementor-id=\"1564\" class=\"elementor elementor-1564 elementor-140\" data-elementor-post-type=\"page\">\n\t\t\t\t<div class=\"elementor-element elementor-element-57536f1 e-flex e-con-boxed e-con e-parent\" data-id=\"57536f1\" data-element_type=\"container\" data-e-type=\"container\">\n\t\t\t\t\t<div class=\"e-con-inner\">\n\t\t<div class=\"elementor-element elementor-element-bba16e5 e-con-full e-flex e-con e-child\" data-id=\"bba16e5\" data-element_type=\"container\" data-e-type=\"container\" data-settings=\"{&quot;background_background&quot;:&quot;classic&quot;}\">\n\t\t\t\t<\/div>\n\t\t<div class=\"elementor-element elementor-element-aefa748 e-con-full e-flex e-con e-child\" data-id=\"aefa748\" data-element_type=\"container\" data-e-type=\"container\">\n\t\t\t\t<div class=\"elementor-element elementor-element-6e5912f elementor-invisible elementor-widget elementor-widget-heading\" data-id=\"6e5912f\" data-element_type=\"widget\" data-e-type=\"widget\" data-settings=\"{&quot;_animation&quot;:&quot;fadeInUp&quot;}\" data-widget_type=\"heading.default\">\n\t\t\t\t<div class=\"elementor-widget-container\">\n\t\t\t\t\t<h2 class=\"elementor-heading-title elementor-size-default\">La famiglia Stabentheiner<\/h2>\t\t\t\t<\/div>\n\t\t\t\t<\/div>\n\t\t\t\t<div class=\"elementor-element elementor-element-6b5aab5 elementor-widget elementor-widget-text-editor\" data-id=\"6b5aab5\" data-element_type=\"widget\" data-e-type=\"widget\" data-widget_type=\"text-editor.default\">\n\t\t\t\t<div class=\"elementor-widget-container\">\n\t\t\t\t\t\t\t\t\t<p>Come famiglia ospitante, vorremmo avvicinarti alla sensazione di relax, gioia e felicit\u00e0<\/p>\n<p>Qui da noi ti aspetta un piccolo regno di divertimento, benessere e relax, oltre che un paradiso per fare del sano esercizio fisico nella natura.<\/p>\n\t\t\t\t\t\t\t\t<\/div>\n\t\t\t\t<\/div>\n\t\t\t\t<div class=\"elementor-element elementor-element-c4b27c4 elementor-widget elementor-widget-text-editor\" data-id=\"c4b27c4\" data-element_type=\"widget\" data-e-type=\"widget\" data-widget_type=\"text-editor.default\">\n\t\t\t\t<div class=\"elementor-widget-container\">\n\t\t\t\t\t\t\t\t\t<p>Pu\u00f2 fare tutto, non \u00e8 obbligato a farlo!<\/p>\n\t\t\t\t\t\t\t\t<\/div>\n\t\t\t\t<\/div>\n\t\t\t\t<\/div>\n\t\t\t\t\t<\/div>\n\t\t\t\t<\/div>\n\t\t<div class=\"elementor-element elementor-element-840826e e-flex e-con-boxed e-con e-parent\" data-id=\"840826e\" data-element_type=\"container\" data-e-type=\"container\">\n\t\t\t\t\t<div class=\"e-con-inner\">\n\t\t\t\t<div class=\"elementor-element elementor-element-accfab9 elementor-invisible elementor-widget elementor-widget-heading\" data-id=\"accfab9\" data-element_type=\"widget\" data-e-type=\"widget\" data-settings=\"{&quot;_animation&quot;:&quot;fadeInUp&quot;}\" data-widget_type=\"heading.default\">\n\t\t\t\t<div class=\"elementor-widget-container\">\n\t\t\t\t\t<h2 class=\"elementor-heading-title elementor-size-default\">L'origine<\/h2>\t\t\t\t<\/div>\n\t\t\t\t<\/div>\n\t\t\t\t<div class=\"elementor-element elementor-element-2205e25 elementor-widget elementor-widget-text-editor\" data-id=\"2205e25\" data-element_type=\"widget\" data-e-type=\"widget\" data-widget_type=\"text-editor.default\">\n\t\t\t\t<div class=\"elementor-widget-container\">\n\t\t\t\t\t\t\t\t\t<p>La storia e lo sviluppo del nostro Alpenhof nella Lesachtal<\/p>\n\t\t\t\t\t\t\t\t<\/div>\n\t\t\t\t<\/div>\n\t\t\t\t<div class=\"elementor-element elementor-element-a711316 elementor-widget elementor-widget-eael-content-timeline\" data-id=\"a711316\" data-element_type=\"widget\" data-e-type=\"widget\" data-widget_type=\"eael-content-timeline.default\">\n\t\t\t\t<div class=\"elementor-widget-container\">\n\t\t\t\t\t\t\t<div id=\"eael-content-timeline-a711316\" class=\"content-timeline-layout-center date-position- horizontal-timeline-wrapper\" data-slide_to_scroll=\"{&quot;desktop&quot;:1,&quot;mobile&quot;:1,&quot;tablet&quot;:1}\">\n\t\t\t<div class=\"eael-content-timeline-container\">\n\t\t\t\t<div class=\"eael-content-timeline-container\">\n\t\t\t\t\t\t\t\t\t\t\t\t\t\t\t\t\t\t\t\t\t\t\t<div class=\"eael-content-timeline-block\">\n    <div class=\"eael-content-timeline-line\">\n        <div class=\"eael-content-timeline-inner\"><\/div>\n    <\/div>\n    <div class=\"eael-content-timeline-img eael-picture \"><i class=\"far fa-clock\"><\/i><\/div><div class=\"eael-content-timeline-content\"><span class=\"eael-date\"><\/span><h3 class=\"eael-timeline-title\">1972<\/h3><div class=\"eael-timeline-excerpt\"><p><img fetchpriority=\"high\" decoding=\"async\" class=\"alignnone size-full wp-image-974\" src=\"https:\/\/alpenhof-wolayersee.at\/wp-content\/uploads\/alpenhof-wolayersee-1972.jpg\" alt=\"\" width=\"900\" height=\"600\" srcset=\"https:\/\/alpenhof-wolayersee.at\/wp-content\/uploads\/alpenhof-wolayersee-1972.jpg 900w, https:\/\/alpenhof-wolayersee.at\/wp-content\/uploads\/alpenhof-wolayersee-1972-100x67.jpg 100w, https:\/\/alpenhof-wolayersee.at\/wp-content\/uploads\/alpenhof-wolayersee-1972-768x512.jpg 768w\" sizes=\"(max-width: 900px) 100vw, 900px\" \/><br \/> Nel 1972 l'ex casa colonica \u00e8 diventata la prima locanda e cos\u00ec \u00e8 stata posata la prima pietra del nostro Alpenhof.<\/p>\n<\/div><\/div><\/div>\t\t\t\t\t\t\t\t\t\t\t\t\t\t\t\t\t\t<div class=\"eael-content-timeline-block\">\n    <div class=\"eael-content-timeline-line\">\n        <div class=\"eael-content-timeline-inner\"><\/div>\n    <\/div>\n    <div class=\"eael-content-timeline-img eael-picture \"><i class=\"far fa-clock\"><\/i><\/div><div class=\"eael-content-timeline-content\"><span class=\"eael-date\"><\/span><h3 class=\"eael-timeline-title\">1984<\/h3><div class=\"eael-timeline-excerpt\"><p><img decoding=\"async\" class=\"alignnone size-full wp-image-975\" src=\"https:\/\/alpenhof-wolayersee.at\/wp-content\/uploads\/alpenhof-wolayersee-1984.jpg\" alt=\"\" width=\"900\" height=\"600\" srcset=\"https:\/\/alpenhof-wolayersee.at\/wp-content\/uploads\/alpenhof-wolayersee-1984.jpg 900w, https:\/\/alpenhof-wolayersee.at\/wp-content\/uploads\/alpenhof-wolayersee-1984-100x67.jpg 100w, https:\/\/alpenhof-wolayersee.at\/wp-content\/uploads\/alpenhof-wolayersee-1984-768x512.jpg 768w\" sizes=\"(max-width: 900px) 100vw, 900px\" \/><br \/> L'edificio principale \u00e8 stato costruito accanto alla \"vecchia\" locanda nel 1984.<\/p>\n<\/div><\/div><\/div>\t\t\t\t\t\t\t\t\t\t\t\t\t\t\t\t\t\t<div class=\"eael-content-timeline-block\">\n    <div class=\"eael-content-timeline-line\">\n        <div class=\"eael-content-timeline-inner\"><\/div>\n    <\/div>\n    <div class=\"eael-content-timeline-img eael-picture \"><i class=\"far fa-clock\"><\/i><\/div><div class=\"eael-content-timeline-content\"><span class=\"eael-date\"><\/span><h3 class=\"eael-timeline-title\">1993<\/h3><div class=\"eael-timeline-excerpt\"><p><img decoding=\"async\" class=\"alignnone size-full wp-image-973\" src=\"https:\/\/alpenhof-wolayersee.at\/wp-content\/uploads\/alpenhof-wolayersee-1993.jpg\" alt=\"\" width=\"900\" height=\"600\" srcset=\"https:\/\/alpenhof-wolayersee.at\/wp-content\/uploads\/alpenhof-wolayersee-1993.jpg 900w, https:\/\/alpenhof-wolayersee.at\/wp-content\/uploads\/alpenhof-wolayersee-1993-100x67.jpg 100w, https:\/\/alpenhof-wolayersee.at\/wp-content\/uploads\/alpenhof-wolayersee-1993-768x512.jpg 768w\" sizes=\"(max-width: 900px) 100vw, 900px\" \/><br \/> La casa piatta con area benessere \u00e8 stata costruita nel 1993 al posto della \u201cvecchia\u201d locanda e ampliata nuovamente nel 2002.<\/p>\n<\/div><\/div><\/div>\t\t\t\t\t\t\t\t\t\t\t\t\t\t\t\t\t\t<div class=\"eael-content-timeline-block\">\n    <div class=\"eael-content-timeline-line\">\n        <div class=\"eael-content-timeline-inner\"><\/div>\n    <\/div>\n    <div class=\"eael-content-timeline-img eael-picture \"><i class=\"far fa-clock\"><\/i><\/div><div class=\"eael-content-timeline-content\"><span class=\"eael-date\"><\/span><h3 class=\"eael-timeline-title\">Dal 2010 ad oggi<\/h3><div class=\"eael-timeline-excerpt\"><p>Dopo l'importante ristrutturazione dell'edificio principale nel 2010, il nostro Alpenhof viene costantemente rinnovato e aggiornato per offrire ai nostri ospiti il miglior comfort possibile.<\/p>\n<\/div><\/div><\/div>\t\t\t\t<\/div>\n\t\t\t<\/div>\n\t\t<\/div>\n\t\t\t\t\t<\/div>\n\t\t\t\t<\/div>\n\t\t\t\t\t<\/div>\n\t\t\t\t<\/div>\n\t\t\t\t<\/div>\n\t\t","protected":false},"excerpt":{"rendered":"<p>La famiglia Stabentheiner Come famiglia ospitante, vorremmo avvicinarti alla sensazione di relax, gioia e felicit\u00e0 Qui da noi ti aspetta un piccolo regno di divertimento, benessere e relax, oltre che un paradiso per fare del sano esercizio fisico nella natura. Pu\u00f2 fare tutto, non \u00e8 obbligato a farlo! L&#8217;origine La storia e lo sviluppo del [&hellip;]<\/p>\n","protected":false},"author":3,"featured_media":0,"parent":0,"menu_order":0,"comment_status":"closed","ping_status":"closed","template":"","meta":{"_acf_changed":false,"footnotes":""},"class_list":["post-1564","page","type-page","status-publish","hentry"],"acf":[],"yoast_head":"<!-- This site is optimized with the Yoast SEO plugin v27.6 - https:\/\/yoast.com\/product\/yoast-seo-wordpress\/ -->\n<title>Siamo noi! - Alpenhof Wolayersee<\/title>\n<meta name=\"robots\" content=\"index, follow, max-snippet:-1, max-image-preview:large, max-video-preview:-1\" \/>\n<link rel=\"canonical\" href=\"https:\/\/alpenhof-wolayersee.at\/it\/siamo-noi\/\" \/>\n<meta property=\"og:locale\" content=\"it_IT\" \/>\n<meta property=\"og:type\" content=\"article\" \/>\n<meta property=\"og:title\" content=\"Siamo noi! - Alpenhof Wolayersee\" \/>\n<meta property=\"og:description\" content=\"La famiglia Stabentheiner Come famiglia ospitante, vorremmo avvicinarti alla sensazione di relax, gioia e felicit\u00e0 Qui da noi ti aspetta un piccolo regno di divertimento, benessere e relax, oltre che un paradiso per fare del sano esercizio fisico nella natura. Pu\u00f2 fare tutto, non \u00e8 obbligato a farlo! L&#8217;origine La storia e lo sviluppo del [&hellip;]\" \/>\n<meta property=\"og:url\" content=\"https:\/\/alpenhof-wolayersee.at\/it\/siamo-noi\/\" \/>\n<meta property=\"og:site_name\" content=\"Alpenhof Wolayersee\" \/>\n<meta property=\"article:publisher\" content=\"https:\/\/www.facebook.com\/profile.php?id=100040251500356\" \/>\n<meta property=\"article:modified_time\" content=\"2024-10-22T11:49:24+00:00\" \/>\n<meta property=\"og:image\" content=\"https:\/\/alpenhof-wolayersee.at\/wp-content\/uploads\/alpenhof-wolayersee-1972.jpg\" \/>\n<meta name=\"twitter:card\" content=\"summary_large_image\" \/>\n<meta name=\"twitter:label1\" content=\"Tempo di lettura stimato\" \/>\n\t<meta name=\"twitter:data1\" content=\"1 minuto\" \/>\n<script type=\"application\/ld+json\" class=\"yoast-schema-graph\">{\"@context\":\"https:\\\/\\\/schema.org\",\"@graph\":[{\"@type\":\"WebPage\",\"@id\":\"https:\\\/\\\/alpenhof-wolayersee.at\\\/it\\\/siamo-noi\\\/\",\"url\":\"https:\\\/\\\/alpenhof-wolayersee.at\\\/it\\\/siamo-noi\\\/\",\"name\":\"Siamo noi! - Alpenhof Wolayersee\",\"isPartOf\":{\"@id\":\"https:\\\/\\\/alpenhof-wolayersee.at\\\/it\\\/#website\"},\"primaryImageOfPage\":{\"@id\":\"https:\\\/\\\/alpenhof-wolayersee.at\\\/it\\\/siamo-noi\\\/#primaryimage\"},\"image\":{\"@id\":\"https:\\\/\\\/alpenhof-wolayersee.at\\\/it\\\/siamo-noi\\\/#primaryimage\"},\"thumbnailUrl\":\"https:\\\/\\\/alpenhof-wolayersee.at\\\/wp-content\\\/uploads\\\/alpenhof-wolayersee-1972.jpg\",\"datePublished\":\"2022-08-04T13:37:19+00:00\",\"dateModified\":\"2024-10-22T11:49:24+00:00\",\"breadcrumb\":{\"@id\":\"https:\\\/\\\/alpenhof-wolayersee.at\\\/it\\\/siamo-noi\\\/#breadcrumb\"},\"inLanguage\":\"it-IT\",\"potentialAction\":[{\"@type\":\"ReadAction\",\"target\":[\"https:\\\/\\\/alpenhof-wolayersee.at\\\/it\\\/siamo-noi\\\/\"]}]},{\"@type\":\"ImageObject\",\"inLanguage\":\"it-IT\",\"@id\":\"https:\\\/\\\/alpenhof-wolayersee.at\\\/it\\\/siamo-noi\\\/#primaryimage\",\"url\":\"https:\\\/\\\/alpenhof-wolayersee.at\\\/wp-content\\\/uploads\\\/alpenhof-wolayersee-1972.jpg\",\"contentUrl\":\"https:\\\/\\\/alpenhof-wolayersee.at\\\/wp-content\\\/uploads\\\/alpenhof-wolayersee-1972.jpg\"},{\"@type\":\"BreadcrumbList\",\"@id\":\"https:\\\/\\\/alpenhof-wolayersee.at\\\/it\\\/siamo-noi\\\/#breadcrumb\",\"itemListElement\":[{\"@type\":\"ListItem\",\"position\":1,\"name\":\"Startseite\",\"item\":\"https:\\\/\\\/alpenhof-wolayersee.at\\\/it\\\/\"},{\"@type\":\"ListItem\",\"position\":2,\"name\":\"Siamo noi!\"}]},{\"@type\":\"WebSite\",\"@id\":\"https:\\\/\\\/alpenhof-wolayersee.at\\\/it\\\/#website\",\"url\":\"https:\\\/\\\/alpenhof-wolayersee.at\\\/it\\\/\",\"name\":\"Alpenhof Wolayersee\",\"description\":\"Das ideale Hotel f\u00fcr Familien- &amp; Aktivurlaub im Lesachtal in K\u00e4rnten. \",\"publisher\":{\"@id\":\"https:\\\/\\\/alpenhof-wolayersee.at\\\/it\\\/#organization\"},\"potentialAction\":[{\"@type\":\"SearchAction\",\"target\":{\"@type\":\"EntryPoint\",\"urlTemplate\":\"https:\\\/\\\/alpenhof-wolayersee.at\\\/it\\\/?s={search_term_string}\"},\"query-input\":{\"@type\":\"PropertyValueSpecification\",\"valueRequired\":true,\"valueName\":\"search_term_string\"}}],\"inLanguage\":\"it-IT\"},{\"@type\":\"Organization\",\"@id\":\"https:\\\/\\\/alpenhof-wolayersee.at\\\/it\\\/#organization\",\"name\":\"Alpenhof Wolayersee\",\"url\":\"https:\\\/\\\/alpenhof-wolayersee.at\\\/it\\\/\",\"logo\":{\"@type\":\"ImageObject\",\"inLanguage\":\"it-IT\",\"@id\":\"https:\\\/\\\/alpenhof-wolayersee.at\\\/it\\\/#\\\/schema\\\/logo\\\/image\\\/\",\"url\":\"https:\\\/\\\/alpenhof-wolayersee.at\\\/wp-content\\\/uploads\\\/Alpenhof-Wolayersee_Logo-Website-04.png\",\"contentUrl\":\"https:\\\/\\\/alpenhof-wolayersee.at\\\/wp-content\\\/uploads\\\/Alpenhof-Wolayersee_Logo-Website-04.png\",\"width\":1281,\"height\":656,\"caption\":\"Alpenhof Wolayersee\"},\"image\":{\"@id\":\"https:\\\/\\\/alpenhof-wolayersee.at\\\/it\\\/#\\\/schema\\\/logo\\\/image\\\/\"},\"sameAs\":[\"https:\\\/\\\/www.facebook.com\\\/profile.php?id=100040251500356\",\"https:\\\/\\\/www.instagram.com\\\/alpenhof_wolayersee\\\/\"]}]}<\/script>\n<!-- \/ Yoast SEO plugin. -->","yoast_head_json":{"title":"Siamo noi! - Alpenhof Wolayersee","robots":{"index":"index","follow":"follow","max-snippet":"max-snippet:-1","max-image-preview":"max-image-preview:large","max-video-preview":"max-video-preview:-1"},"canonical":"https:\/\/alpenhof-wolayersee.at\/it\/siamo-noi\/","og_locale":"it_IT","og_type":"article","og_title":"Siamo noi! - Alpenhof Wolayersee","og_description":"La famiglia Stabentheiner Come famiglia ospitante, vorremmo avvicinarti alla sensazione di relax, gioia e felicit\u00e0 Qui da noi ti aspetta un piccolo regno di divertimento, benessere e relax, oltre che un paradiso per fare del sano esercizio fisico nella natura. Pu\u00f2 fare tutto, non \u00e8 obbligato a farlo! L&#8217;origine La storia e lo sviluppo del [&hellip;]","og_url":"https:\/\/alpenhof-wolayersee.at\/it\/siamo-noi\/","og_site_name":"Alpenhof Wolayersee","article_publisher":"https:\/\/www.facebook.com\/profile.php?id=100040251500356","article_modified_time":"2024-10-22T11:49:24+00:00","og_image":[{"url":"https:\/\/alpenhof-wolayersee.at\/wp-content\/uploads\/alpenhof-wolayersee-1972.jpg","type":"","width":"","height":""}],"twitter_card":"summary_large_image","twitter_misc":{"Tempo di lettura stimato":"1 minuto"},"schema":{"@context":"https:\/\/schema.org","@graph":[{"@type":"WebPage","@id":"https:\/\/alpenhof-wolayersee.at\/it\/siamo-noi\/","url":"https:\/\/alpenhof-wolayersee.at\/it\/siamo-noi\/","name":"Siamo noi! - Alpenhof Wolayersee","isPartOf":{"@id":"https:\/\/alpenhof-wolayersee.at\/it\/#website"},"primaryImageOfPage":{"@id":"https:\/\/alpenhof-wolayersee.at\/it\/siamo-noi\/#primaryimage"},"image":{"@id":"https:\/\/alpenhof-wolayersee.at\/it\/siamo-noi\/#primaryimage"},"thumbnailUrl":"https:\/\/alpenhof-wolayersee.at\/wp-content\/uploads\/alpenhof-wolayersee-1972.jpg","datePublished":"2022-08-04T13:37:19+00:00","dateModified":"2024-10-22T11:49:24+00:00","breadcrumb":{"@id":"https:\/\/alpenhof-wolayersee.at\/it\/siamo-noi\/#breadcrumb"},"inLanguage":"it-IT","potentialAction":[{"@type":"ReadAction","target":["https:\/\/alpenhof-wolayersee.at\/it\/siamo-noi\/"]}]},{"@type":"ImageObject","inLanguage":"it-IT","@id":"https:\/\/alpenhof-wolayersee.at\/it\/siamo-noi\/#primaryimage","url":"https:\/\/alpenhof-wolayersee.at\/wp-content\/uploads\/alpenhof-wolayersee-1972.jpg","contentUrl":"https:\/\/alpenhof-wolayersee.at\/wp-content\/uploads\/alpenhof-wolayersee-1972.jpg"},{"@type":"BreadcrumbList","@id":"https:\/\/alpenhof-wolayersee.at\/it\/siamo-noi\/#breadcrumb","itemListElement":[{"@type":"ListItem","position":1,"name":"Startseite","item":"https:\/\/alpenhof-wolayersee.at\/it\/"},{"@type":"ListItem","position":2,"name":"Siamo noi!"}]},{"@type":"WebSite","@id":"https:\/\/alpenhof-wolayersee.at\/it\/#website","url":"https:\/\/alpenhof-wolayersee.at\/it\/","name":"Alpenhof Wolayersee","description":"Das ideale Hotel f\u00fcr Familien- &amp; Aktivurlaub im Lesachtal in K\u00e4rnten. ","publisher":{"@id":"https:\/\/alpenhof-wolayersee.at\/it\/#organization"},"potentialAction":[{"@type":"SearchAction","target":{"@type":"EntryPoint","urlTemplate":"https:\/\/alpenhof-wolayersee.at\/it\/?s={search_term_string}"},"query-input":{"@type":"PropertyValueSpecification","valueRequired":true,"valueName":"search_term_string"}}],"inLanguage":"it-IT"},{"@type":"Organization","@id":"https:\/\/alpenhof-wolayersee.at\/it\/#organization","name":"Alpenhof Wolayersee","url":"https:\/\/alpenhof-wolayersee.at\/it\/","logo":{"@type":"ImageObject","inLanguage":"it-IT","@id":"https:\/\/alpenhof-wolayersee.at\/it\/#\/schema\/logo\/image\/","url":"https:\/\/alpenhof-wolayersee.at\/wp-content\/uploads\/Alpenhof-Wolayersee_Logo-Website-04.png","contentUrl":"https:\/\/alpenhof-wolayersee.at\/wp-content\/uploads\/Alpenhof-Wolayersee_Logo-Website-04.png","width":1281,"height":656,"caption":"Alpenhof Wolayersee"},"image":{"@id":"https:\/\/alpenhof-wolayersee.at\/it\/#\/schema\/logo\/image\/"},"sameAs":["https:\/\/www.facebook.com\/profile.php?id=100040251500356","https:\/\/www.instagram.com\/alpenhof_wolayersee\/"]}]}},"_links":{"self":[{"href":"https:\/\/alpenhof-wolayersee.at\/it\/wp-json\/wp\/v2\/pages\/1564","targetHints":{"allow":["GET"]}}],"collection":[{"href":"https:\/\/alpenhof-wolayersee.at\/it\/wp-json\/wp\/v2\/pages"}],"about":[{"href":"https:\/\/alpenhof-wolayersee.at\/it\/wp-json\/wp\/v2\/types\/page"}],"author":[{"embeddable":true,"href":"https:\/\/alpenhof-wolayersee.at\/it\/wp-json\/wp\/v2\/users\/3"}],"replies":[{"embeddable":true,"href":"https:\/\/alpenhof-wolayersee.at\/it\/wp-json\/wp\/v2\/comments?post=1564"}],"version-history":[{"count":0,"href":"https:\/\/alpenhof-wolayersee.at\/it\/wp-json\/wp\/v2\/pages\/1564\/revisions"}],"wp:attachment":[{"href":"https:\/\/alpenhof-wolayersee.at\/it\/wp-json\/wp\/v2\/media?parent=1564"}],"curies":[{"name":"wp","href":"https:\/\/api.w.org\/{rel}","templated":true}]}}