{"id":1554,"date":"2022-08-04T14:53:56","date_gmt":"2022-08-04T12:53:56","guid":{"rendered":"https:\/\/alpenhof-wolayersee.at\/protezione-dei-dati\/"},"modified":"2024-07-31T16:46:15","modified_gmt":"2024-07-31T14:46:15","slug":"protezione-dei-dati","status":"publish","type":"page","link":"https:\/\/alpenhof-wolayersee.at\/it\/protezione-dei-dati\/","title":{"rendered":"Protezione dei dati"},"content":{"rendered":"\t\t<div data-elementor-type=\"wp-page\" data-elementor-id=\"1554\" class=\"elementor elementor-1554 elementor-97\" data-elementor-post-type=\"page\">\n\t\t\t\t<div class=\"elementor-element elementor-element-c303af1 e-flex e-con-boxed e-con e-parent\" data-id=\"c303af1\" data-element_type=\"container\" data-e-type=\"container\">\n\t\t\t\t\t<div class=\"e-con-inner\">\n\t\t<div class=\"elementor-element elementor-element-8122d44 e-con-full e-flex e-con e-child\" data-id=\"8122d44\" data-element_type=\"container\" data-e-type=\"container\">\n\t\t\t\t<div class=\"elementor-element elementor-element-4da21e1 elementor-widget elementor-widget-text-editor\" data-id=\"4da21e1\" data-element_type=\"widget\" data-e-type=\"widget\" data-widget_type=\"text-editor.default\">\n\t\t\t\t<div class=\"elementor-widget-container\">\n\t\t\t\t\t\t\t\t\t<p><strong>La protezione dei vostri dati personali \u00e8 per noi una priorit\u00e0.<\/strong> Pertanto, trattiamo i vostri dati esclusivamente sulla base delle disposizioni di legge (GDPR, TKG 2003). In queste informazioni sulla protezione dei dati vi informiamo sugli aspetti pi\u00f9 importanti del trattamento dei dati nell&#8217;ambito della nostra attivit\u00e0 e del nostro sito web. <\/p>\n<p><strong>Contatto con noi<\/strong><br \/>Se ci contattate tramite modulo sul sito web o per e-mail, i dati forniti verranno memorizzati presso di noi per sei mesi al fine di elaborare la richiesta e per eventuali domande successive. Questi dati non verranno trasmessi senza il vostro consenso. In caso di conclusione di un contratto, i vostri dati saranno conservati per 7 anni in conformit\u00e0 alle disposizioni di legge (contabilit\u00e0).  <\/p>\n<p><strong>Dichiarazione sulla protezione dei dati ai sensi degli articoli 13 e 14 del GDPR<\/strong><br \/>Trattiamo i dati personali che rientrano nelle seguenti categorie di dati:<\/p>\n<ul>\n<li>Nome\/Azienda<\/li>\n<li>Data di nascita<\/li>\n<li>Numero del registro delle imprese<\/li>\n<li>Poteri di rappresentanza<\/li>\n<li>Persona di riferimento<\/li>\n<li>Indirizzo commerciale e altri indirizzi del cliente<\/li>\n<li>Numero di telefono, numero di fax, indirizzo e-mail<\/li>\n<li>Coordinate bancarie<\/li>\n<li>Numero UID<\/li>\n<li>Dati che ci fornite per adempiere ai nostri obblighi contrattuali nell&#8217;ambito dei nostri rapporti commerciali.<\/li>\n<\/ul>\n<p><strong>Ci avete fornito volontariamente dati su di voi e noi trattiamo questi dati sulla base del vostro consenso per i seguenti scopi:<\/strong><\/p>\n<ul>\n<li>Assistenza ai clienti e<\/li>\n<li>per scopi pubblicitari propri, ad esempio l&#8217;invio di offerte, opuscoli pubblicitari e informazioni (in formato cartaceo ed elettronico).<\/li>\n<\/ul>\n<p><strong>Potete revocare questo consenso in qualsiasi momento.<\/strong> Una revoca comporta che non tratteremo pi\u00f9 i vostri dati per i suddetti scopi a partire da quel momento. Per una revoca, si prega di contattare: <a href=\"mailto:info@alpenhof-wolayersee.at\">info@alpenhof-wolayersee.at<\/a> <\/p>\n<p>I dati da voi forniti sono inoltre necessari per l&#8217;adempimento del contratto o per l&#8217;esecuzione di misure precontrattuali. Senza questi dati non possiamo concludere il contratto con voi. <\/p>\n<p><strong>Conserviamo i vostri dati<\/strong><br \/><strong>Dati per la contabilit\u00e0 e il diritto fiscale: 7 anni<\/strong><br \/><strong>_ \u00a7 132 comma 1 BAO: 7 anni <\/strong> oltre, finch\u00e9 sono rilevanti per l&#8217;autorit\u00e0 fiscale in un procedimento in corso)<br \/>_ Obbligo di conservazione aziendale ai sensi del<strong> \u00a7 190, 212 UGB: 7 anni<\/strong><br \/>_ Obbligo di conservazione ai fini dell&#8217;IVA ai sensi del<\/p>\n<p><strong> \u00a7 18 comma 2 terzo paragrafo: 7 anni <\/strong><\/p>\n<p><strong>Dati per l&#8217;adempimento dei contratti:<\/strong><br \/>_ Garanzia ai sensi del <strong>\u00a7 933 ABGB: 2 anni<\/strong> (beni mobili)<br \/>_ Richiesta del prezzo di acquisto per beni mobili ai sensi del<strong> \u00a7 1062 in combinato disposto con \u00a7 1486 ABGB: 3 anni<\/strong><br \/>_ Risarcimento generale ai sensi del <strong>\u00a7 1489 ABGB<\/strong> (azioni di risarcimento danni):<strong> 3 anni<\/strong> (se il danno e il responsabile sono noti)<\/p>\n<p>Per questo trattamento dei dati utilizziamo responsabili del trattamento. Trasmettiamo i vostri dati ai seguenti destinatari o categorie di destinatari: <\/p>\n<ul>\n<li>Studio di consulenza fiscale, agenzia delle entrate (adempimento degli obblighi di legge)<\/li>\n<\/ul>\n<p><strong>I vostri dati vengono trattati all&#8217;interno dell&#8217;UE o del SEE<\/strong>. Il livello di protezione adeguato risulta da una decisione di adeguatezza della Commissione europea ai sensi dell&#8217;articolo 45 GDPR.<\/p>\n<p><strong>Google Fonts<br \/><\/strong>Utilizziamo Google Fonts. I Google Fonts sono integrati localmente sui nostri server \u2013 quindi non vengono trasmessi dati a terzi! <\/p>\n<p><strong>Elementor<\/strong><br \/>Elementor memorizza i cookie nella memoria locale e nella session storage del browser locale del visitatore. Elementor \u00e8 essenziale su questo sito e viene utilizzato per la visualizzazione dei contenuti. <\/p>\n<p><strong>Generale<\/strong><br \/>Ogni accesso al nostro sito web e ogni recupero di un file memorizzato sul nostro sito web vengono registrati. La memorizzazione serve a scopi interni, sistemici e statistici. Vengono registrati: nome del file recuperato, data e ora del recupero, quantit\u00e0 di dati trasferiti, notifica di recupero riuscito, browser web e dominio richiedente. Inoltre, vengono registrati gli indirizzi IP dei computer richiedenti.   <\/p>\n<p><strong>Links<\/strong><br \/>La nostra offerta contiene<strong> link a siti web esterni di terzi,<\/strong> sui cui contenuti non abbiamo alcun controllo. Pertanto, non possiamo assumere alcuna responsabilit\u00e0 per questi contenuti esterni. Per i contenuti delle pagine collegate \u00e8 sempre responsabile il rispettivo fornitore o gestore delle pagine. Le pagine collegate sono state controllate per possibili violazioni legali al momento del collegamento. I contenuti illegali non erano riconoscibili al momento del collegamento. Tuttavia, un controllo permanente del contenuto delle pagine collegate non \u00e8 ragionevole senza prove concrete di una violazione legale. Se veniamo a conoscenza di violazioni legali, rimuoveremo immediatamente tali link.      <\/p>\n<p><strong>Cookies<\/strong><br \/>Il nostro sito web utilizza i cosiddetti cookie. Si tratta di piccoli file di testo che vengono memorizzati sul vostro dispositivo con l&#8217;aiuto del browser. Non causano alcun danno.   <strong>Utilizziamo i cookie per rendere la nostra offerta user-friendly.<\/strong> Alcuni cookie rimangono memorizzati sul vostro dispositivo fino a quando non li cancellate. Ci permettono di riconoscere il vostro browser alla visita successiva. Se non desiderate ci\u00f2, potete configurare il vostro browser in modo che vi informi sull&#8217;impostazione dei cookie e consentirlo solo in singoli casi. La disattivazione dei cookie pu\u00f2 limitare la funzionalit\u00e0 del nostro sito web.   <\/p>\n<p><strong>Google Maps<\/strong> <br \/>Questo sito web utilizza le API di Google Maps per visualizzare informazioni geografiche. Quando si utilizza Google Maps, Google raccoglie, elabora e utilizza anche i dati sull&#8217;uso delle funzioni di Maps da parte dei visitatori dei siti web. Ulteriori informazioni sul trattamento dei dati da parte di Google sono disponibili nelle informazioni sulla protezione dei dati di Google: <a href=\"https:\/\/policies.google.com\/privacy\" target=\"_blank\" rel=\"noopener\">https:\/\/policies.google.com\/privacy<\/a>. Nel centro sulla protezione dei dati potete anche modificare le vostre impostazioni in modo da gestire e proteggere i vostri dati. Ulteriori istruzioni sulla gestione dei propri dati in relazione ai prodotti Google si trovano sul sito gestito da Google <a href=\"https:\/\/policies.google.com\/privacy\" target=\"_blank\" rel=\"noopener\">https:\/\/policies.google.com\/privacy<\/a>   <\/p>\n<p><strong>Crittografia SSL<\/strong><br \/>Il nostro sito web utilizza una crittografia SSL per motivi di sicurezza e per proteggere la trasmissione di contenuti riservati, come ad esempio le richieste che ci inviate come gestori del sito. Una connessione crittografata si riconosce dal fatto che la riga dell&#8217;indirizzo del browser cambia da &#8220;http:\/\/&#8221; a &#8220;https:\/\/&#8221; e dal simbolo del lucchetto nella barra del browser. Quando la crittografia SSL \u00e8 attivata, i dati che ci trasmettete non possono essere letti da terzi.  <\/p>\n<p><strong>I vostri diritti<\/strong><br \/>Avete fondamentalmente il diritto di accesso, rettifica, cancellazione, limitazione, portabilit\u00e0 dei dati, revoca e opposizione. Se ritenete che il trattamento dei vostri dati violi la normativa sulla protezione dei dati o che i vostri diritti in materia di protezione dei dati siano stati violati in altro modo, potete presentare un reclamo all&#8217;autorit\u00e0 di controllo. In Austria, questa \u00e8 l&#8217;autorit\u00e0 per la protezione dei dati.  <\/p>\n<p><strong>Potete contattarci ai seguenti recapiti:<\/strong><\/p>\n\t\t\t\t\t\t\t\t<\/div>\n\t\t\t\t<\/div>\n\t\t\t\t<div class=\"elementor-element elementor-element-21b7de0 elementor-align-center elementor-mobile-align-center elementor-widget__width-inherit elementor-icon-list--layout-traditional elementor-list-item-link-full_width elementor-widget elementor-widget-global elementor-global-1608 elementor-global-441 elementor-widget-icon-list\" data-id=\"21b7de0\" data-element_type=\"widget\" data-e-type=\"widget\" data-widget_type=\"icon-list.default\">\n\t\t\t\t<div class=\"elementor-widget-container\">\n\t\t\t\t\t\t\t<ul class=\"elementor-icon-list-items\">\n\t\t\t\t\t\t\t<li class=\"elementor-icon-list-item\">\n\t\t\t\t\t\t\t\t\t\t\t<a href=\"https:\/\/www.google.com\/maps?output=search=alpenhof+wolayersee=mc=X=2=2ahUKEwi4qLCMkYuAAxVDKhAIHf5cBfgQ0pQJegQIDRAB\" target=\"_blank\">\n\n\t\t\t\t\t\t\t\t\t\t\t\t<span class=\"elementor-icon-list-icon\">\n\t\t\t\t\t\t\t<i aria-hidden=\"true\" class=\"fas fa-map-marker-alt\"><\/i>\t\t\t\t\t\t<\/span>\n\t\t\t\t\t\t\t\t\t\t<span class=\"elementor-icon-list-text\">Wodmaier 5, A-9652 Birnbaum<\/span>\n\t\t\t\t\t\t\t\t\t\t\t<\/a>\n\t\t\t\t\t\t\t\t\t<\/li>\n\t\t\t\t\t\t\t\t<li class=\"elementor-icon-list-item\">\n\t\t\t\t\t\t\t\t\t\t\t<a href=\"tel:+434716727\">\n\n\t\t\t\t\t\t\t\t\t\t\t\t<span class=\"elementor-icon-list-icon\">\n\t\t\t\t\t\t\t<i aria-hidden=\"true\" class=\"fas fa-phone-alt\"><\/i>\t\t\t\t\t\t<\/span>\n\t\t\t\t\t\t\t\t\t\t<span class=\"elementor-icon-list-text\">+43 4716 727<\/span>\n\t\t\t\t\t\t\t\t\t\t\t<\/a>\n\t\t\t\t\t\t\t\t\t<\/li>\n\t\t\t\t\t\t\t\t<li class=\"elementor-icon-list-item\">\n\t\t\t\t\t\t\t\t\t\t\t<a href=\"mailto:info@alpenhof-wolayersee.at\">\n\n\t\t\t\t\t\t\t\t\t\t\t\t<span class=\"elementor-icon-list-icon\">\n\t\t\t\t\t\t\t<i aria-hidden=\"true\" class=\"fas fa-envelope\"><\/i>\t\t\t\t\t\t<\/span>\n\t\t\t\t\t\t\t\t\t\t<span class=\"elementor-icon-list-text\">info@alpenhof-wolayersee.at<\/span>\n\t\t\t\t\t\t\t\t\t\t\t<\/a>\n\t\t\t\t\t\t\t\t\t<\/li>\n\t\t\t\t\t\t<\/ul>\n\t\t\t\t\t\t<\/div>\n\t\t\t\t<\/div>\n\t\t\t\t<\/div>\n\t\t\t\t\t<\/div>\n\t\t\t\t<\/div>\n\t\t\t\t<\/div>\n\t\t","protected":false},"excerpt":{"rendered":"<p>La protezione dei vostri dati personali \u00e8 per noi una priorit\u00e0. Pertanto, trattiamo i vostri dati esclusivamente sulla base delle disposizioni di legge (GDPR, TKG 2003). In queste informazioni sulla protezione dei dati vi informiamo sugli aspetti pi\u00f9 importanti del trattamento dei dati nell&#8217;ambito della nostra attivit\u00e0 e del nostro sito web. Contatto con noiSe [&hellip;]<\/p>\n","protected":false},"author":3,"featured_media":0,"parent":0,"menu_order":0,"comment_status":"closed","ping_status":"closed","template":"","meta":{"_acf_changed":false,"footnotes":""},"class_list":["post-1554","page","type-page","status-publish","hentry"],"acf":[],"yoast_head":"<!-- This site is optimized with the Yoast SEO plugin v27.4 - https:\/\/yoast.com\/product\/yoast-seo-wordpress\/ -->\n<title>Protezione dei dati - Alpenhof Wolayersee<\/title>\n<meta name=\"robots\" content=\"noindex, follow\" \/>\n<meta property=\"og:locale\" content=\"it_IT\" \/>\n<meta property=\"og:type\" content=\"article\" \/>\n<meta property=\"og:title\" content=\"Protezione dei dati - Alpenhof Wolayersee\" \/>\n<meta property=\"og:description\" content=\"La protezione dei vostri dati personali \u00e8 per noi una priorit\u00e0. Pertanto, trattiamo i vostri dati esclusivamente sulla base delle disposizioni di legge (GDPR, TKG 2003). In queste informazioni sulla protezione dei dati vi informiamo sugli aspetti pi\u00f9 importanti del trattamento dei dati nell&#8217;ambito della nostra attivit\u00e0 e del nostro sito web. Contatto con noiSe [&hellip;]\" \/>\n<meta property=\"og:url\" content=\"https:\/\/alpenhof-wolayersee.at\/it\/protezione-dei-dati\/\" \/>\n<meta property=\"og:site_name\" content=\"Alpenhof Wolayersee\" \/>\n<meta property=\"article:publisher\" content=\"https:\/\/www.facebook.com\/profile.php?id=100040251500356\" \/>\n<meta property=\"article:modified_time\" content=\"2024-07-31T14:46:15+00:00\" \/>\n<meta name=\"twitter:card\" content=\"summary_large_image\" \/>\n<meta name=\"twitter:label1\" content=\"Tempo di lettura stimato\" \/>\n\t<meta name=\"twitter:data1\" content=\"5 minuti\" \/>\n<script type=\"application\/ld+json\" class=\"yoast-schema-graph\">{\"@context\":\"https:\\\/\\\/schema.org\",\"@graph\":[{\"@type\":\"WebPage\",\"@id\":\"https:\\\/\\\/alpenhof-wolayersee.at\\\/it\\\/protezione-dei-dati\\\/\",\"url\":\"https:\\\/\\\/alpenhof-wolayersee.at\\\/it\\\/protezione-dei-dati\\\/\",\"name\":\"Protezione dei dati - Alpenhof Wolayersee\",\"isPartOf\":{\"@id\":\"https:\\\/\\\/alpenhof-wolayersee.at\\\/it\\\/#website\"},\"datePublished\":\"2022-08-04T12:53:56+00:00\",\"dateModified\":\"2024-07-31T14:46:15+00:00\",\"breadcrumb\":{\"@id\":\"https:\\\/\\\/alpenhof-wolayersee.at\\\/it\\\/protezione-dei-dati\\\/#breadcrumb\"},\"inLanguage\":\"it-IT\",\"potentialAction\":[{\"@type\":\"ReadAction\",\"target\":[\"https:\\\/\\\/alpenhof-wolayersee.at\\\/it\\\/protezione-dei-dati\\\/\"]}]},{\"@type\":\"BreadcrumbList\",\"@id\":\"https:\\\/\\\/alpenhof-wolayersee.at\\\/it\\\/protezione-dei-dati\\\/#breadcrumb\",\"itemListElement\":[{\"@type\":\"ListItem\",\"position\":1,\"name\":\"Startseite\",\"item\":\"https:\\\/\\\/alpenhof-wolayersee.at\\\/it\\\/\"},{\"@type\":\"ListItem\",\"position\":2,\"name\":\"Protezione dei dati\"}]},{\"@type\":\"WebSite\",\"@id\":\"https:\\\/\\\/alpenhof-wolayersee.at\\\/it\\\/#website\",\"url\":\"https:\\\/\\\/alpenhof-wolayersee.at\\\/it\\\/\",\"name\":\"Alpenhof Wolayersee\",\"description\":\"Das ideale Hotel f\u00fcr Familien- &amp; Aktivurlaub im Lesachtal in K\u00e4rnten. \",\"publisher\":{\"@id\":\"https:\\\/\\\/alpenhof-wolayersee.at\\\/it\\\/#organization\"},\"potentialAction\":[{\"@type\":\"SearchAction\",\"target\":{\"@type\":\"EntryPoint\",\"urlTemplate\":\"https:\\\/\\\/alpenhof-wolayersee.at\\\/it\\\/?s={search_term_string}\"},\"query-input\":{\"@type\":\"PropertyValueSpecification\",\"valueRequired\":true,\"valueName\":\"search_term_string\"}}],\"inLanguage\":\"it-IT\"},{\"@type\":\"Organization\",\"@id\":\"https:\\\/\\\/alpenhof-wolayersee.at\\\/it\\\/#organization\",\"name\":\"Alpenhof Wolayersee\",\"url\":\"https:\\\/\\\/alpenhof-wolayersee.at\\\/it\\\/\",\"logo\":{\"@type\":\"ImageObject\",\"inLanguage\":\"it-IT\",\"@id\":\"https:\\\/\\\/alpenhof-wolayersee.at\\\/it\\\/#\\\/schema\\\/logo\\\/image\\\/\",\"url\":\"https:\\\/\\\/alpenhof-wolayersee.at\\\/wp-content\\\/uploads\\\/Alpenhof-Wolayersee_Logo-Website-04.png\",\"contentUrl\":\"https:\\\/\\\/alpenhof-wolayersee.at\\\/wp-content\\\/uploads\\\/Alpenhof-Wolayersee_Logo-Website-04.png\",\"width\":1281,\"height\":656,\"caption\":\"Alpenhof Wolayersee\"},\"image\":{\"@id\":\"https:\\\/\\\/alpenhof-wolayersee.at\\\/it\\\/#\\\/schema\\\/logo\\\/image\\\/\"},\"sameAs\":[\"https:\\\/\\\/www.facebook.com\\\/profile.php?id=100040251500356\",\"https:\\\/\\\/www.instagram.com\\\/alpenhof_wolayersee\\\/\"]}]}<\/script>\n<!-- \/ Yoast SEO plugin. -->","yoast_head_json":{"title":"Protezione dei dati - Alpenhof Wolayersee","robots":{"index":"noindex","follow":"follow"},"og_locale":"it_IT","og_type":"article","og_title":"Protezione dei dati - Alpenhof Wolayersee","og_description":"La protezione dei vostri dati personali \u00e8 per noi una priorit\u00e0. Pertanto, trattiamo i vostri dati esclusivamente sulla base delle disposizioni di legge (GDPR, TKG 2003). In queste informazioni sulla protezione dei dati vi informiamo sugli aspetti pi\u00f9 importanti del trattamento dei dati nell&#8217;ambito della nostra attivit\u00e0 e del nostro sito web. Contatto con noiSe [&hellip;]","og_url":"https:\/\/alpenhof-wolayersee.at\/it\/protezione-dei-dati\/","og_site_name":"Alpenhof Wolayersee","article_publisher":"https:\/\/www.facebook.com\/profile.php?id=100040251500356","article_modified_time":"2024-07-31T14:46:15+00:00","twitter_card":"summary_large_image","twitter_misc":{"Tempo di lettura stimato":"5 minuti"},"schema":{"@context":"https:\/\/schema.org","@graph":[{"@type":"WebPage","@id":"https:\/\/alpenhof-wolayersee.at\/it\/protezione-dei-dati\/","url":"https:\/\/alpenhof-wolayersee.at\/it\/protezione-dei-dati\/","name":"Protezione dei dati - Alpenhof Wolayersee","isPartOf":{"@id":"https:\/\/alpenhof-wolayersee.at\/it\/#website"},"datePublished":"2022-08-04T12:53:56+00:00","dateModified":"2024-07-31T14:46:15+00:00","breadcrumb":{"@id":"https:\/\/alpenhof-wolayersee.at\/it\/protezione-dei-dati\/#breadcrumb"},"inLanguage":"it-IT","potentialAction":[{"@type":"ReadAction","target":["https:\/\/alpenhof-wolayersee.at\/it\/protezione-dei-dati\/"]}]},{"@type":"BreadcrumbList","@id":"https:\/\/alpenhof-wolayersee.at\/it\/protezione-dei-dati\/#breadcrumb","itemListElement":[{"@type":"ListItem","position":1,"name":"Startseite","item":"https:\/\/alpenhof-wolayersee.at\/it\/"},{"@type":"ListItem","position":2,"name":"Protezione dei dati"}]},{"@type":"WebSite","@id":"https:\/\/alpenhof-wolayersee.at\/it\/#website","url":"https:\/\/alpenhof-wolayersee.at\/it\/","name":"Alpenhof Wolayersee","description":"Das ideale Hotel f\u00fcr Familien- &amp; Aktivurlaub im Lesachtal in K\u00e4rnten. ","publisher":{"@id":"https:\/\/alpenhof-wolayersee.at\/it\/#organization"},"potentialAction":[{"@type":"SearchAction","target":{"@type":"EntryPoint","urlTemplate":"https:\/\/alpenhof-wolayersee.at\/it\/?s={search_term_string}"},"query-input":{"@type":"PropertyValueSpecification","valueRequired":true,"valueName":"search_term_string"}}],"inLanguage":"it-IT"},{"@type":"Organization","@id":"https:\/\/alpenhof-wolayersee.at\/it\/#organization","name":"Alpenhof Wolayersee","url":"https:\/\/alpenhof-wolayersee.at\/it\/","logo":{"@type":"ImageObject","inLanguage":"it-IT","@id":"https:\/\/alpenhof-wolayersee.at\/it\/#\/schema\/logo\/image\/","url":"https:\/\/alpenhof-wolayersee.at\/wp-content\/uploads\/Alpenhof-Wolayersee_Logo-Website-04.png","contentUrl":"https:\/\/alpenhof-wolayersee.at\/wp-content\/uploads\/Alpenhof-Wolayersee_Logo-Website-04.png","width":1281,"height":656,"caption":"Alpenhof Wolayersee"},"image":{"@id":"https:\/\/alpenhof-wolayersee.at\/it\/#\/schema\/logo\/image\/"},"sameAs":["https:\/\/www.facebook.com\/profile.php?id=100040251500356","https:\/\/www.instagram.com\/alpenhof_wolayersee\/"]}]}},"_links":{"self":[{"href":"https:\/\/alpenhof-wolayersee.at\/it\/wp-json\/wp\/v2\/pages\/1554","targetHints":{"allow":["GET"]}}],"collection":[{"href":"https:\/\/alpenhof-wolayersee.at\/it\/wp-json\/wp\/v2\/pages"}],"about":[{"href":"https:\/\/alpenhof-wolayersee.at\/it\/wp-json\/wp\/v2\/types\/page"}],"author":[{"embeddable":true,"href":"https:\/\/alpenhof-wolayersee.at\/it\/wp-json\/wp\/v2\/users\/3"}],"replies":[{"embeddable":true,"href":"https:\/\/alpenhof-wolayersee.at\/it\/wp-json\/wp\/v2\/comments?post=1554"}],"version-history":[{"count":0,"href":"https:\/\/alpenhof-wolayersee.at\/it\/wp-json\/wp\/v2\/pages\/1554\/revisions"}],"wp:attachment":[{"href":"https:\/\/alpenhof-wolayersee.at\/it\/wp-json\/wp\/v2\/media?parent=1554"}],"curies":[{"name":"wp","href":"https:\/\/api.w.org\/{rel}","templated":true}]}}